{"id":349,"date":"2020-02-05T09:12:28","date_gmt":"2020-02-05T09:12:28","guid":{"rendered":"https:\/\/diegoemiliomedinawork.site\/blog\/"},"modified":"2020-02-05T09:12:28","modified_gmt":"2020-02-05T09:12:28","slug":"blog","status":"publish","type":"page","link":"https:\/\/hamakas.com\/en\/blog\/","title":{"rendered":"News &#038; articles"},"content":{"rendered":"<div data-elementor-type=\"wp-page\" data-elementor-id=\"349\" class=\"elementor elementor-349\" data-elementor-post-type=\"page\">\n\t\t\t\t\t\t<section class=\"elementor-section elementor-top-section elementor-element elementor-element-2cc78cf elementor-section-boxed elementor-section-height-default elementor-section-height-default\" data-id=\"2cc78cf\" data-element_type=\"section\">\n\t\t\t\t\t\t<div class=\"elementor-container elementor-column-gap-wider\">\n\t\t\t\t\t<div class=\"elementor-column elementor-col-100 elementor-top-column elementor-element elementor-element-72b1638\" data-id=\"72b1638\" data-element_type=\"column\">\n\t\t\t<div class=\"elementor-widget-wrap elementor-element-populated\">\n\t\t\t\t\t\t<div class=\"elementor-element elementor-element-ab77990 elementor-widget elementor-widget-the7-taxonomy-filter\" data-id=\"ab77990\" data-element_type=\"widget\" data-widget_type=\"the7-taxonomy-filter.default\">\n\t\t\t\t<div class=\"elementor-widget-container\">\n\t\t\t<div class=\"filter-decorations without-isotope filter filter-pointer-underline filter-animation-fade\"><div class=\"filter-categories\"><a href=\"\/en\/wp-json\/wp\/v2\/pages\/349\" class=\"show-all filter-item act\">All articles<\/a><a class=\"filter-item\" href=\"\/en\/wp-json\/wp\/v2\/pages\/349?taxonomy=category&#038;term=technology\" data-filter=\".category-48\">Technology<\/a><a class=\"filter-item\" href=\"\/en\/wp-json\/wp\/v2\/pages\/349?taxonomy=category&#038;term=uncategorized\" data-filter=\".category-1\">Uncategorized<\/a><\/div><\/div>\t\t<\/div>\n\t\t\t\t<\/div>\n\t\t\t\t<div class=\"elementor-element elementor-element-db1dbf0 elementor-widget elementor-widget-spacer\" data-id=\"db1dbf0\" data-element_type=\"widget\" data-widget_type=\"spacer.default\">\n\t\t\t\t<div class=\"elementor-widget-container\">\n\t\t\t\t\t<div class=\"elementor-spacer\">\n\t\t\t<div class=\"elementor-spacer-inner\"><\/div>\n\t\t<\/div>\n\t\t\t\t<\/div>\n\t\t\t\t<\/div>\n\t\t\t\t<div class=\"elementor-element elementor-element-72132c5 img-align-top image-vertical-align-center slide-h-position-center icon-box-vertical-align-top preserve-img-ratio-cover elementor-widget elementor-widget-the7-elements-simple-posts\" data-id=\"72132c5\" data-element_type=\"widget\" data-widget_type=\"the7-elements-simple-posts.default\">\n\t\t\t\t<div class=\"elementor-widget-container\">\n\t\t\t<div class=\"the7-simple-widget-posts the7-elementor-widget the7-elements-simple-posts-72132c5 jquery-filter jquery-filter\" data-post-limit=\"6\" data-pagination-mode=\"load-more\" data-scroll-offset=\"\" aria-live=\"assertive\">\t\t\t<div class=\"dt-css-grid custom-pagination-handler\" data-columns=\"{&quot;d&quot;:3,&quot;t&quot;:2,&quot;p&quot;:1,&quot;wd&quot;:3}\">\n\t\t\t\t\t\t\t\t\t<div class=\"wf-cell visible\">\n\t\t\t\t\t\t<article class=\"post visible wrapper post-360 type-post status-publish format-standard has-post-thumbnail hentry category-uncategorized\">\n\n\t\t\t\t\t\t\t<div class=\"post-content-wrapper\">\n\t\t\t\t\t\t\t\t\t\t\t\t\t\t\t\t\t<div class=\"the7-simple-post-thumb\">\n\t\t\t\t\t\t\t\t\t\t<a class=\"post-thumbnail-rollover layzr-bg img-css-resize-wrapper\" aria-label=\"Post image\" href=\"https:\/\/hamakas.com\/en\/proyectos-responsabilidad-social\/\"><img fetchpriority=\"high\" decoding=\"async\" width=\"1920\" height=\"1440\" src=\"data:image\/svg+xml,%3Csvg%20xmlns%3D&#039;http%3A%2F%2Fwww.w3.org%2F2000%2Fsvg&#039;%20viewBox%3D&#039;0%200%201920%201440&#039;%2F%3E\" class=\"attachment-full size-full preload-me aspect lazy lazy-load\" alt=\"\" sizes=\"(max-width: 1920px) 100vw, 1920px\" style=\"--ratio: 1920 \/ 1440;\" data-src=\"https:\/\/hamakas.com\/wp-content\/uploads\/2020\/02\/3-Foto-proyectos-WEB.png\" loading=\"eager\" data-srcset=\"https:\/\/hamakas.com\/wp-content\/uploads\/2020\/02\/3-Foto-proyectos-WEB.png 1920w, https:\/\/hamakas.com\/wp-content\/uploads\/2020\/02\/3-Foto-proyectos-WEB-300x225.png 300w, https:\/\/hamakas.com\/wp-content\/uploads\/2020\/02\/3-Foto-proyectos-WEB-1024x768.png 1024w, https:\/\/hamakas.com\/wp-content\/uploads\/2020\/02\/3-Foto-proyectos-WEB-768x576.png 768w, https:\/\/hamakas.com\/wp-content\/uploads\/2020\/02\/3-Foto-proyectos-WEB-1536x1152.png 1536w\" \/><span class=\"the7-hover-icon\"><\/span><\/a>\t\t\t\t\t\t\t\t\t<\/div>\n\t\t\t\t\t\t\t\t\t\t\t\t\t\t\t\t<div class=\"post-entry-content\">\n\t\t\t\t\t\t\t\t\t<h5 class=\"heading\"><a href=\"https:\/\/hamakas.com\/en\/proyectos-responsabilidad-social\/\" rel=\"bookmark\" title=\"Social responsibility projects in the coffee industry in Guatemala, Honduras, and Peru\" class=\"post-title\">Social responsibility projects in the coffee industry in Guatemala, Honduras, and Peru<\/a><\/h5><div class=\"entry-meta\"><span class=\"meta-item category-link\"><a href=\"https:\/\/hamakas.com\/en\/category\/uncategorized\/\" rel=\"tag\">Uncategorized<\/a><\/span><span class=\"meta-item data-link\"><time class=\"entry-date updated\" datetime=\"2020-02-05T09:34:57+00:00\">February 5, 2020<\/time><\/span><\/div><a href=\"https:\/\/hamakas.com\/en\/proyectos-responsabilidad-social\/\" target=\"\" aria-label=\"Read more about Proyectos de responsabilidad social en la industria cafetalera en Guatemala, Honduras y Per\u00fa\" class=\"box-button elementor-button elementor-size-sm\">Read article<\/a>\t\t\t\t\t\t\t\t<\/div>\n\t\t\t\t\t\t\t<\/div>\n\t\t\t\t\t\t<\/article>\n\t\t\t\t\t<\/div>\t\t\t\t\t\t\t\t\t\t<div class=\"wf-cell visible\">\n\t\t\t\t\t\t<article class=\"post visible wrapper post-358 type-post status-publish format-standard has-post-thumbnail hentry category-uncategorized tag-business tag-money tag-productivity tag-success\">\n\n\t\t\t\t\t\t\t<div class=\"post-content-wrapper\">\n\t\t\t\t\t\t\t\t\t\t\t\t\t\t\t\t\t<div class=\"the7-simple-post-thumb\">\n\t\t\t\t\t\t\t\t\t\t<a class=\"post-thumbnail-rollover layzr-bg img-css-resize-wrapper\" aria-label=\"Post image\" href=\"https:\/\/hamakas.com\/en\/experiendias-de-bienestar-fisico-y-mental\/\"><img decoding=\"async\" width=\"1920\" height=\"1277\" src=\"data:image\/svg+xml,%3Csvg%20xmlns%3D&#039;http%3A%2F%2Fwww.w3.org%2F2000%2Fsvg&#039;%20viewBox%3D&#039;0%200%201920%201277&#039;%2F%3E\" class=\"attachment-full size-full preload-me aspect lazy lazy-load\" alt=\"\" sizes=\"(max-width: 1920px) 100vw, 1920px\" style=\"--ratio: 1920 \/ 1277;\" data-src=\"https:\/\/hamakas.com\/wp-content\/uploads\/2020\/02\/4-Foto-proyectos-WEB-bienestar.jpg\" loading=\"eager\" data-srcset=\"https:\/\/hamakas.com\/wp-content\/uploads\/2020\/02\/4-Foto-proyectos-WEB-bienestar.jpg 1920w, https:\/\/hamakas.com\/wp-content\/uploads\/2020\/02\/4-Foto-proyectos-WEB-bienestar-300x200.jpg 300w, https:\/\/hamakas.com\/wp-content\/uploads\/2020\/02\/4-Foto-proyectos-WEB-bienestar-1024x681.jpg 1024w, https:\/\/hamakas.com\/wp-content\/uploads\/2020\/02\/4-Foto-proyectos-WEB-bienestar-768x511.jpg 768w, https:\/\/hamakas.com\/wp-content\/uploads\/2020\/02\/4-Foto-proyectos-WEB-bienestar-1536x1022.jpg 1536w\" \/><span class=\"the7-hover-icon\"><\/span><\/a>\t\t\t\t\t\t\t\t\t<\/div>\n\t\t\t\t\t\t\t\t\t\t\t\t\t\t\t\t<div class=\"post-entry-content\">\n\t\t\t\t\t\t\t\t\t<h5 class=\"heading\"><a href=\"https:\/\/hamakas.com\/en\/experiendias-de-bienestar-fisico-y-mental\/\" rel=\"bookmark\" title=\"Experiences of physical and mental well-being.\" class=\"post-title\">Experiences of physical and mental well-being.<\/a><\/h5><div class=\"entry-meta\"><span class=\"meta-item category-link\"><a href=\"https:\/\/hamakas.com\/en\/category\/uncategorized\/\" rel=\"tag\">Uncategorized<\/a><\/span><span class=\"meta-item data-link\"><time class=\"entry-date updated\" datetime=\"2020-02-05T09:29:01+00:00\">February 5, 2020<\/time><\/span><\/div><a href=\"https:\/\/hamakas.com\/en\/experiendias-de-bienestar-fisico-y-mental\/\" target=\"\" aria-label=\"Read more about Experiencias de bienestar f\u00edsico y mental.\" class=\"box-button elementor-button elementor-size-sm\">Read article<\/a>\t\t\t\t\t\t\t\t<\/div>\n\t\t\t\t\t\t\t<\/div>\n\t\t\t\t\t\t<\/article>\n\t\t\t\t\t<\/div>\t\t\t\t\t\t\t\t\t\t<div class=\"wf-cell visible\">\n\t\t\t\t\t\t<article class=\"post visible wrapper post-343 type-post status-publish format-standard has-post-thumbnail hentry category-technology tag-business tag-demo tag-money tag-news tag-wordpress\">\n\n\t\t\t\t\t\t\t<div class=\"post-content-wrapper\">\n\t\t\t\t\t\t\t\t\t\t\t\t\t\t\t\t\t<div class=\"the7-simple-post-thumb\">\n\t\t\t\t\t\t\t\t\t\t<a class=\"post-thumbnail-rollover layzr-bg img-css-resize-wrapper\" aria-label=\"Post image\" href=\"https:\/\/hamakas.com\/en\/planificacion-estrategica-para-equipos-de-servicio-publico\/\"><img decoding=\"async\" width=\"1920\" height=\"1440\" src=\"data:image\/svg+xml,%3Csvg%20xmlns%3D&#039;http%3A%2F%2Fwww.w3.org%2F2000%2Fsvg&#039;%20viewBox%3D&#039;0%200%201920%201440&#039;%2F%3E\" class=\"attachment-full size-full preload-me aspect lazy lazy-load\" alt=\"\" sizes=\"(max-width: 1920px) 100vw, 1920px\" style=\"--ratio: 1920 \/ 1440;\" data-src=\"https:\/\/hamakas.com\/wp-content\/uploads\/2020\/02\/5-Foto-proyectos-WEB.png\" loading=\"eager\" data-srcset=\"https:\/\/hamakas.com\/wp-content\/uploads\/2020\/02\/5-Foto-proyectos-WEB.png 1920w, https:\/\/hamakas.com\/wp-content\/uploads\/2020\/02\/5-Foto-proyectos-WEB-300x225.png 300w, https:\/\/hamakas.com\/wp-content\/uploads\/2020\/02\/5-Foto-proyectos-WEB-1024x768.png 1024w, https:\/\/hamakas.com\/wp-content\/uploads\/2020\/02\/5-Foto-proyectos-WEB-768x576.png 768w, https:\/\/hamakas.com\/wp-content\/uploads\/2020\/02\/5-Foto-proyectos-WEB-1536x1152.png 1536w\" \/><span class=\"the7-hover-icon\"><\/span><\/a>\t\t\t\t\t\t\t\t\t<\/div>\n\t\t\t\t\t\t\t\t\t\t\t\t\t\t\t\t<div class=\"post-entry-content\">\n\t\t\t\t\t\t\t\t\t<h5 class=\"heading\"><a href=\"https:\/\/hamakas.com\/en\/planificacion-estrategica-para-equipos-de-servicio-publico\/\" rel=\"bookmark\" title=\"Strategic planning for public service teams in Guatemala.\" class=\"post-title\">Strategic planning for public service teams in Guatemala.<\/a><\/h5><div class=\"entry-meta\"><span class=\"meta-item category-link\"><a href=\"https:\/\/hamakas.com\/en\/category\/technology\/\" rel=\"tag\">Technology<\/a><\/span><span class=\"meta-item data-link\"><time class=\"entry-date updated\" datetime=\"2020-02-05T09:11:24+00:00\">February 5, 2020<\/time><\/span><\/div><a href=\"https:\/\/hamakas.com\/en\/planificacion-estrategica-para-equipos-de-servicio-publico\/\" target=\"\" aria-label=\"Read more about Planificaci\u00f3n estrat\u00e9gica para equipos de servicio p\u00fablico en Guatemala.\" class=\"box-button elementor-button elementor-size-sm\">Read article<\/a>\t\t\t\t\t\t\t\t<\/div>\n\t\t\t\t\t\t\t<\/div>\n\t\t\t\t\t\t<\/article>\n\t\t\t\t\t<\/div>\t\t\t\t\t\t\t\t<\/div>\n\t\t<div class=\"paginator filter-decorations paginator-more-button filter-pointer-framed\">\n\t\t\t\t<a class=\"button-load-more highlighted filter-item\" href=\"javascript:void(0);\" data-dt-page=\"1\" ><span class=\"button-caption\">Load more<\/span><\/a>\n\t\t\t<\/div><\/div>\t\t<\/div>\n\t\t\t\t<\/div>\n\t\t\t\t\t<\/div>\n\t\t<\/div>\n\t\t\t\t\t<\/div>\n\t\t<\/section>\n\t\t\t\t<\/div>","protected":false},"excerpt":{"rendered":"<p>Planificaci\u00f3n estrat\u00e9gica para equipos de servicio p\u00fablico en Guatemala. Hemos sido parte de la conformaci\u00f3n de unidades de entrega, tanto a nivel estatal como municipal, en Guatemala. Contamos con un equipo altamente preparado en el oficio p\u00fablico. Nuestra asesor\u00eda est\u00e1 dirigida principalmente a acortar la curva de aprendizaje y a concretar la planificaci\u00f3n de proyectos&hellip;<\/p>","protected":false},"author":1,"featured_media":338,"parent":0,"menu_order":50,"comment_status":"closed","ping_status":"closed","template":"","meta":{"footnotes":""},"class_list":["post-349","page","type-page","status-publish","has-post-thumbnail","hentry"],"_hostinger_reach_plugin_has_subscription_block":false,"_hostinger_reach_plugin_is_elementor":false,"_links":{"self":[{"href":"https:\/\/hamakas.com\/en\/wp-json\/wp\/v2\/pages\/349","targetHints":{"allow":["GET"]}}],"collection":[{"href":"https:\/\/hamakas.com\/en\/wp-json\/wp\/v2\/pages"}],"about":[{"href":"https:\/\/hamakas.com\/en\/wp-json\/wp\/v2\/types\/page"}],"author":[{"embeddable":true,"href":"https:\/\/hamakas.com\/en\/wp-json\/wp\/v2\/users\/1"}],"replies":[{"embeddable":true,"href":"https:\/\/hamakas.com\/en\/wp-json\/wp\/v2\/comments?post=349"}],"version-history":[{"count":0,"href":"https:\/\/hamakas.com\/en\/wp-json\/wp\/v2\/pages\/349\/revisions"}],"wp:featuredmedia":[{"embeddable":true,"href":"https:\/\/hamakas.com\/en\/wp-json\/wp\/v2\/media\/338"}],"wp:attachment":[{"href":"https:\/\/hamakas.com\/en\/wp-json\/wp\/v2\/media?parent=349"}],"curies":[{"name":"wp","href":"https:\/\/api.w.org\/{rel}","templated":true}]}}